{"id":1613,"date":"2022-06-23T07:03:09","date_gmt":"2022-06-23T07:03:09","guid":{"rendered":"https:\/\/www.reo2.si\/politika-piskotkov\/"},"modified":"2024-04-22T06:16:04","modified_gmt":"2024-04-22T06:16:04","slug":"politika-piskotkov","status":"publish","type":"page","link":"https:\/\/www.reo2.si\/de\/politika-piskotkov\/","title":{"rendered":"Politika pi\u0161kotkov"},"content":{"rendered":"<div class=\"cli_pg_page_contaner\">\n<h2>O tej politiki pi\u0161kotkov<\/h2>\n<p>Ta pravilnik o pi\u0161kotkih pojasnjuje, kaj so pi\u0161kotki in kako jih uporabljamo, vrste pi\u0161kotkov, ki jih uporabljamo, tj. podatke, ki jih zbiramo s pi\u0161kotki, in kako se te informacije uporabljajo ter kako nadzirati nastavitve pi\u0161kotkov. Za dodatne informacije o tem, kako uporabljamo, shranjujemo in varujemo va\u0161e osebne podatke, glejte na\u0161 pravilnik o zasebnosti.<\/p>\n<p>Svoje soglasje za izjavo o pi\u0161kotkih na na\u0161em spletnem mestu lahko kadar koli spremenite ali prekli\u010dete<br \/>\nVe\u010d o tem, kdo smo, kako lahko stopite v stik z nami in kako obdelujemo osebne podatke, preberite v na\u0161i Politiki zasebnosti.<br \/>\nVa\u0161e soglasje velja za naslednje domene: www.reo2.si<br \/>\n<div class=\"cli_user_consent_state\">Dein aktueller Status: Keine Einwilligung erteilt. <a class=\"cli_manage_current_consent\" style=\"cursor:pointer;text-decoration:underline;\">Verwalte deine Einwilligung<\/a> <\/div><\/p>\n<h3>Kaj so pi\u0161kotki?<\/h3>\n<p>Pi\u0161kotki so majhne besedilne datoteke, ki se uporabljajo za shranjevanje majhnih informacij. Shranjeni so v va\u0161i napravi, ko je spletno mesto nalo\u017eeno v va\u0161em brskalniku. Ti pi\u0161kotki nam pomagajo, da spletno mesto deluje pravilno, da postane bolj varno, zagotavlja bolj\u0161o uporabni\u0161ko izku\u0161njo in razume, kako spletno mesto deluje, ter analizirati, kaj deluje in kje je treba izbolj\u0161ati.<br \/>\nKako uporabljamo pi\u0161kotke?<\/p>\n<p>Kot ve\u010dina spletnih storitev tudi na\u0161a spletna stran uporablja pi\u0161kotke prve in tretje osebe za ve\u010d namenov. Lastni pi\u0161kotki so ve\u010dinoma potrebni za pravilno delovanje spletne strani in ne zbirajo nobenih va\u0161ih osebnih podatkov.<\/p>\n<p>Pi\u0161kotki tretjih oseb, ki se uporabljajo na na\u0161em spletnem mestu, so v glavnem namenjeni razumevanju delovanja spletnega mesta, interakciji z na\u0161im spletnim mestom, varovanju na\u0161ih storitev, zagotavljanju oglasov, ki so pomembni za vas, in na splo\u0161no vam zagotavljajo bolj\u0161ega in izbolj\u0161anega uporabnika. izku\u0161nje in pomagajo pospe\u0161iti va\u0161e prihodnje interakcije z na\u0161im spletnim mestom.<\/p>\n<h3>Katere vrste pi\u0161kotkov uporabljamo?<\/h3>\n<p><strong>Bistvene<\/strong>: Nekateri pi\u0161kotki so nujni, da lahko izkusite celotno funkcionalnost na\u0161ega spletnega mesta. Omogo\u010dajo nam vzdr\u017eevanje uporabni\u0161kih sej in prepre\u010devanje morebitnih varnostnih gro\u017eenj. Ne zbirajo in ne shranjujejo nobenih osebnih podatkov. Ti pi\u0161kotki vam na primer omogo\u010dajo, da se prijavite v svoj ra\u010dun in dodate izdelke v svojo ko\u0161arico ter varno opravite nakup.<\/p>\n<p><strong>Statisti\u010dne<\/strong>: Ti pi\u0161kotki shranjujejo informacije, kot so \u0161tevilo obiskovalcev spletnega mesta, \u0161tevilo edinstvenih obiskovalcev, katere strani spletnega mesta so bile obiskane, vir obiska itd. Ti podatki nam pomagajo razumeti in analizirati, kako dobro deluje spletno mesto. in kjer je treba izbolj\u0161ati.<\/p>\n<p><strong>Marketin\u0161ke<\/strong>: Na\u0161a spletna stran prikazuje oglase. Ti pi\u0161kotki se uporabljajo za prilagajanje oglasov, ki vam jih prikazujemo, tako da so za vas pomembni. Ti pi\u0161kotki nam pomagajo tudi pri spremljanju u\u010dinkovitosti teh ogla\u0161evalskih akcij.<br \/>\nPodatke, shranjene v teh pi\u0161kotkih, lahko uporabljajo tudi tretji ponudniki oglasov za prikazovanje oglasov tudi na drugih spletnih mestih v brskalniku.<\/p>\n<p><strong>Funkcionalne<\/strong>: To so pi\u0161kotki, ki pomagajo nekaterim nebistvenim funkcijam na na\u0161em spletnem mestu. Te funkcije vklju\u010dujejo vdelavo vsebine, kot so videoposnetki, ali deljenje vsebine spletnega mesta na platformah dru\u017ebenih medijev.<\/p>\n<p><strong>Nastavitvene<\/strong>: Ti pi\u0161kotki nam pomagajo shraniti va\u0161e nastavitve in nastavitve brskanja, kot so jezikovne nastavitve, da boste imeli bolj\u0161o in u\u010dinkovitej\u0161o izku\u0161njo ob prihodnjih obiskih spletnega mesta.<br \/>\n<\/p>\n<p>Kako lahko nadziram nastavitve pi\u0161kotkov?<\/p>\n<p>\u010ce se odlo\u010dite, da boste pozneje med sejo brskanja spremenili svoje nastavitve, lahko na zaslonu kliknete zavihek \u00bbPolitika zasebnosti in pi\u0161kotkov\u00ab. To bo znova prikazalo obvestilo o soglasju, ki vam bo omogo\u010dilo, da spremenite svoje nastavitve ali v celoti umaknete soglasje.<\/p>\n<p>Poleg tega razli\u010dni brskalniki ponujajo razli\u010dne metode za blokiranje in brisanje pi\u0161kotkov, ki jih uporabljajo spletna mesta. Nastavitve brskalnika lahko spremenite tako, da blokirate\/izbri\u0161ete pi\u0161kotke. \u010ce \u017eelite izvedeti ve\u010d o upravljanju in brisanju pi\u0161kotkov, obi\u0161\u010dite wikipedia.org, www.allaboutcookies.org.<\/p>\n<\/div>\n","protected":false},"excerpt":{"rendered":"<p>O tej politiki pi\u0161kotkov Ta pravilnik o pi\u0161kotkih pojasnjuje, kaj [&hellip;]<\/p>\n","protected":false},"author":2,"featured_media":0,"parent":0,"menu_order":0,"comment_status":"closed","ping_status":"closed","template":"","meta":{"footnotes":""},"class_list":["post-1613","page","type-page","status-publish","hentry"],"yoast_head":"<!-- This site is optimized with the Yoast SEO plugin v26.3 - https:\/\/yoast.com\/wordpress\/plugins\/seo\/ -->\n<title>Politika pi\u0161kotkov - Reo2 prezra\u010devalni sistemi<\/title>\n<meta name=\"robots\" content=\"index, follow, max-snippet:-1, max-image-preview:large, max-video-preview:-1\" \/>\n<link rel=\"canonical\" href=\"https:\/\/www.reo2.si\/politika-piskotkov\/\" \/>\n<meta property=\"og:locale\" content=\"de_DE\" \/>\n<meta property=\"og:type\" content=\"article\" \/>\n<meta property=\"og:title\" content=\"Politika pi\u0161kotkov - Reo2 prezra\u010devalni sistemi\" \/>\n<meta property=\"og:description\" content=\"O tej politiki pi\u0161kotkov Ta pravilnik o pi\u0161kotkih pojasnjuje, kaj [&hellip;]\" \/>\n<meta property=\"og:url\" content=\"https:\/\/www.reo2.si\/politika-piskotkov\/\" \/>\n<meta property=\"og:site_name\" content=\"Reo2 prezra\u010devalni sistemi\" \/>\n<meta property=\"article:modified_time\" content=\"2024-04-22T06:16:04+00:00\" \/>\n<meta name=\"twitter:card\" content=\"summary_large_image\" \/>\n<meta name=\"twitter:label1\" content=\"Gesch\u00e4tzte Lesezeit\" \/>\n\t<meta name=\"twitter:data1\" content=\"3\u00a0Minuten\" \/>\n<script type=\"application\/ld+json\" class=\"yoast-schema-graph\">{\"@context\":\"https:\/\/schema.org\",\"@graph\":[{\"@type\":\"WebPage\",\"@id\":\"https:\/\/www.reo2.si\/politika-piskotkov\/\",\"url\":\"https:\/\/www.reo2.si\/politika-piskotkov\/\",\"name\":\"Politika pi\u0161kotkov - Reo2 prezra\u010devalni sistemi\",\"isPartOf\":{\"@id\":\"https:\/\/www.reo2.si\/#website\"},\"datePublished\":\"2022-06-23T07:03:09+00:00\",\"dateModified\":\"2024-04-22T06:16:04+00:00\",\"breadcrumb\":{\"@id\":\"https:\/\/www.reo2.si\/politika-piskotkov\/#breadcrumb\"},\"inLanguage\":\"de\",\"potentialAction\":[{\"@type\":\"ReadAction\",\"target\":[\"https:\/\/www.reo2.si\/politika-piskotkov\/\"]}]},{\"@type\":\"BreadcrumbList\",\"@id\":\"https:\/\/www.reo2.si\/politika-piskotkov\/#breadcrumb\",\"itemListElement\":[{\"@type\":\"ListItem\",\"position\":1,\"name\":\"Home\",\"item\":\"https:\/\/www.reo2.si\/\"},{\"@type\":\"ListItem\",\"position\":2,\"name\":\"Politika pi\u0161kotkov\"}]},{\"@type\":\"WebSite\",\"@id\":\"https:\/\/www.reo2.si\/#website\",\"url\":\"https:\/\/www.reo2.si\/\",\"name\":\"Reo2 prezra\u010devalni sistemi\",\"description\":\"Inovativni prezra\u010devalni sistem\",\"potentialAction\":[{\"@type\":\"SearchAction\",\"target\":{\"@type\":\"EntryPoint\",\"urlTemplate\":\"https:\/\/www.reo2.si\/?s={search_term_string}\"},\"query-input\":{\"@type\":\"PropertyValueSpecification\",\"valueRequired\":true,\"valueName\":\"search_term_string\"}}],\"inLanguage\":\"de\"}]}<\/script>\n<!-- \/ Yoast SEO plugin. -->","yoast_head_json":{"title":"Politika pi\u0161kotkov - Reo2 prezra\u010devalni sistemi","robots":{"index":"index","follow":"follow","max-snippet":"max-snippet:-1","max-image-preview":"max-image-preview:large","max-video-preview":"max-video-preview:-1"},"canonical":"https:\/\/www.reo2.si\/politika-piskotkov\/","og_locale":"de_DE","og_type":"article","og_title":"Politika pi\u0161kotkov - Reo2 prezra\u010devalni sistemi","og_description":"O tej politiki pi\u0161kotkov Ta pravilnik o pi\u0161kotkih pojasnjuje, kaj [&hellip;]","og_url":"https:\/\/www.reo2.si\/politika-piskotkov\/","og_site_name":"Reo2 prezra\u010devalni sistemi","article_modified_time":"2024-04-22T06:16:04+00:00","twitter_card":"summary_large_image","twitter_misc":{"Gesch\u00e4tzte Lesezeit":"3\u00a0Minuten"},"schema":{"@context":"https:\/\/schema.org","@graph":[{"@type":"WebPage","@id":"https:\/\/www.reo2.si\/politika-piskotkov\/","url":"https:\/\/www.reo2.si\/politika-piskotkov\/","name":"Politika pi\u0161kotkov - Reo2 prezra\u010devalni sistemi","isPartOf":{"@id":"https:\/\/www.reo2.si\/#website"},"datePublished":"2022-06-23T07:03:09+00:00","dateModified":"2024-04-22T06:16:04+00:00","breadcrumb":{"@id":"https:\/\/www.reo2.si\/politika-piskotkov\/#breadcrumb"},"inLanguage":"de","potentialAction":[{"@type":"ReadAction","target":["https:\/\/www.reo2.si\/politika-piskotkov\/"]}]},{"@type":"BreadcrumbList","@id":"https:\/\/www.reo2.si\/politika-piskotkov\/#breadcrumb","itemListElement":[{"@type":"ListItem","position":1,"name":"Home","item":"https:\/\/www.reo2.si\/"},{"@type":"ListItem","position":2,"name":"Politika pi\u0161kotkov"}]},{"@type":"WebSite","@id":"https:\/\/www.reo2.si\/#website","url":"https:\/\/www.reo2.si\/","name":"Reo2 prezra\u010devalni sistemi","description":"Inovativni prezra\u010devalni sistem","potentialAction":[{"@type":"SearchAction","target":{"@type":"EntryPoint","urlTemplate":"https:\/\/www.reo2.si\/?s={search_term_string}"},"query-input":{"@type":"PropertyValueSpecification","valueRequired":true,"valueName":"search_term_string"}}],"inLanguage":"de"}]}},"_links":{"self":[{"href":"https:\/\/www.reo2.si\/de\/wp-json\/wp\/v2\/pages\/1613","targetHints":{"allow":["GET"]}}],"collection":[{"href":"https:\/\/www.reo2.si\/de\/wp-json\/wp\/v2\/pages"}],"about":[{"href":"https:\/\/www.reo2.si\/de\/wp-json\/wp\/v2\/types\/page"}],"author":[{"embeddable":true,"href":"https:\/\/www.reo2.si\/de\/wp-json\/wp\/v2\/users\/2"}],"replies":[{"embeddable":true,"href":"https:\/\/www.reo2.si\/de\/wp-json\/wp\/v2\/comments?post=1613"}],"version-history":[{"count":1,"href":"https:\/\/www.reo2.si\/de\/wp-json\/wp\/v2\/pages\/1613\/revisions"}],"predecessor-version":[{"id":1615,"href":"https:\/\/www.reo2.si\/de\/wp-json\/wp\/v2\/pages\/1613\/revisions\/1615"}],"wp:attachment":[{"href":"https:\/\/www.reo2.si\/de\/wp-json\/wp\/v2\/media?parent=1613"}],"curies":[{"name":"wp","href":"https:\/\/api.w.org\/{rel}","templated":true}]}}